{"id":62,"date":"2020-12-05T08:13:15","date_gmt":"2020-12-05T07:13:15","guid":{"rendered":"http:\/\/sap-action-formation.com\/?page_id=62"},"modified":"2025-04-10T10:50:01","modified_gmt":"2025-04-10T08:50:01","slug":"contact","status":"publish","type":"page","link":"https:\/\/sap-action-formation.com\/index.php\/contact\/","title":{"rendered":"Contact"},"content":{"rendered":"\t\t<div data-elementor-type=\"wp-page\" data-elementor-id=\"62\" class=\"elementor elementor-62\" data-elementor-settings=\"[]\">\n\t\t\t\t\t\t<div class=\"elementor-inner\">\n\t\t\t\t\t\t\t<div class=\"elementor-section-wrap\">\n\t\t\t\t\t\t\t<section class=\"elementor-section elementor-top-section elementor-element elementor-element-ac5d6cc elementor-section-full_width elementor-section-height-default elementor-section-height-default\" data-id=\"ac5d6cc\" data-element_type=\"section\" data-settings=\"{&quot;background_background&quot;:&quot;classic&quot;}\">\n\t\t\t\t\t\t\t<div class=\"elementor-background-overlay\"><\/div>\n\t\t\t\t\t\t\t<div class=\"elementor-container elementor-column-gap-default\">\n\t\t\t\t\t\t\t<div class=\"elementor-row\">\n\t\t\t\t\t<div class=\"elementor-column elementor-col-50 elementor-top-column elementor-element elementor-element-67d29d0\" data-id=\"67d29d0\" data-element_type=\"column\">\n\t\t\t<div class=\"elementor-column-wrap elementor-element-populated\">\n\t\t\t\t\t\t\t<div class=\"elementor-widget-wrap\">\n\t\t\t\t\t\t<div class=\"elementor-element elementor-element-1da843a elementor-widget elementor-widget-heading\" data-id=\"1da843a\" data-element_type=\"widget\" data-widget_type=\"heading.default\">\n\t\t\t\t<div class=\"elementor-widget-container\">\n\t\t\t<h1 class=\"elementor-heading-title elementor-size-default\"><font color=\"#7ed0b9\"><b>CONTACT<\/b><\/font><\/h1>\t\t<\/div>\n\t\t\t\t<\/div>\n\t\t\t\t<div class=\"elementor-element elementor-element-b01e9d9 elementor-widget elementor-widget-text-editor\" data-id=\"b01e9d9\" data-element_type=\"widget\" data-widget_type=\"text-editor.default\">\n\t\t\t\t<div class=\"elementor-widget-container\">\n\t\t\t\t\t\t\t\t<div class=\"elementor-text-editor elementor-clearfix\">\n\t\t\t\t<p><span style=\"font-weight: 400;\">SAP Action Formation r\u00e9pond \u00e0 toutes vos questions<\/span>\u00a0<\/p>\t\t\t\t\t<\/div>\n\t\t\t\t\t\t<\/div>\n\t\t\t\t<\/div>\n\t\t\t\t\t\t<\/div>\n\t\t\t\t\t<\/div>\n\t\t<\/div>\n\t\t\t\t<div class=\"elementor-column elementor-col-50 elementor-top-column elementor-element elementor-element-a763604\" data-id=\"a763604\" data-element_type=\"column\">\n\t\t\t<div class=\"elementor-column-wrap\">\n\t\t\t\t\t\t\t<div class=\"elementor-widget-wrap\">\n\t\t\t\t\t\t\t\t<\/div>\n\t\t\t\t\t<\/div>\n\t\t<\/div>\n\t\t\t\t\t\t\t\t<\/div>\n\t\t\t\t\t<\/div>\n\t\t<\/section>\n\t\t\t\t<section class=\"elementor-section elementor-top-section elementor-element elementor-element-63e6a51 elementor-section-boxed elementor-section-height-default elementor-section-height-default\" data-id=\"63e6a51\" data-element_type=\"section\">\n\t\t\t\t\t\t<div class=\"elementor-container elementor-column-gap-default\">\n\t\t\t\t\t\t\t<div class=\"elementor-row\">\n\t\t\t\t\t<div class=\"elementor-column elementor-col-50 elementor-top-column elementor-element elementor-element-efd5e25\" data-id=\"efd5e25\" data-element_type=\"column\">\n\t\t\t<div class=\"elementor-column-wrap elementor-element-populated\">\n\t\t\t\t\t\t\t<div class=\"elementor-widget-wrap\">\n\t\t\t\t\t\t<div class=\"elementor-element elementor-element-5c1dd13 elementor-widget elementor-widget-image\" data-id=\"5c1dd13\" data-element_type=\"widget\" data-widget_type=\"image.default\">\n\t\t\t\t<div class=\"elementor-widget-container\">\n\t\t\t\t\t\t\t\t<div class=\"elementor-image\">\n\t\t\t\t\t\t\t\t\t\t\t\t<img loading=\"lazy\" decoding=\"async\" width=\"580\" height=\"435\" src=\"https:\/\/sap-action-formation.com\/wp-content\/uploads\/2021\/12\/Detente-1-1024x768.jpg\" class=\"attachment-large size-large\" alt=\"\" srcset=\"https:\/\/sap-action-formation.com\/wp-content\/uploads\/2021\/12\/Detente-1-1024x768.jpg 1024w, https:\/\/sap-action-formation.com\/wp-content\/uploads\/2021\/12\/Detente-1-300x225.jpg 300w, https:\/\/sap-action-formation.com\/wp-content\/uploads\/2021\/12\/Detente-1-768x576.jpg 768w, https:\/\/sap-action-formation.com\/wp-content\/uploads\/2021\/12\/Detente-1-1536x1152.jpg 1536w, https:\/\/sap-action-formation.com\/wp-content\/uploads\/2021\/12\/Detente-1-2048x1536.jpg 2048w, https:\/\/sap-action-formation.com\/wp-content\/uploads\/2021\/12\/Detente-1-1200x900.jpg 1200w, https:\/\/sap-action-formation.com\/wp-content\/uploads\/2021\/12\/Detente-1-1980x1485.jpg 1980w\" sizes=\"(max-width: 580px) 100vw, 580px\" \/>\t\t\t\t\t\t\t\t\t\t\t\t\t\t<\/div>\n\t\t\t\t\t\t<\/div>\n\t\t\t\t<\/div>\n\t\t\t\t<div class=\"elementor-element elementor-element-3a1acd6 elementor-button-align-start elementor-widget elementor-widget-form\" data-id=\"3a1acd6\" data-element_type=\"widget\" data-settings=\"{&quot;button_width&quot;:&quot;20&quot;,&quot;step_next_label&quot;:&quot;Next&quot;,&quot;step_previous_label&quot;:&quot;Previous&quot;,&quot;step_type&quot;:&quot;number_text&quot;,&quot;step_icon_shape&quot;:&quot;circle&quot;}\" data-widget_type=\"form.default\">\n\t\t\t\t<div class=\"elementor-widget-container\">\n\t\t\t\t\t<form class=\"elementor-form\" method=\"post\" >\n\t\t\t<input type=\"hidden\" name=\"post_id\" value=\"62\"\/>\n\t\t\t<input type=\"hidden\" name=\"form_id\" value=\"3a1acd6\"\/>\n\t\t\t<input type=\"hidden\" name=\"referer_title\" value=\"SAP ACTION FORMATION\" \/>\n\n\t\t\t\n\t\t\t<div class=\"elementor-form-fields-wrapper elementor-labels-\">\n\t\t\t\t\t\t\t\t<div class=\"elementor-field-type-text elementor-field-group elementor-column elementor-field-group-field_3442455 elementor-col-100\">\n\t\t\t\t\t\t\t\t\t\t\t\t<label for=\"form-field-field_3442455\" class=\"elementor-field-label elementor-screen-only\">\n\t\t\t\t\t\t\t\tName\t\t\t\t\t\t\t<\/label>\n\t\t\t\t\t\t\t\t\t\t\t\t\t\t<input size=\"1\" type=\"text\" name=\"form_fields[field_3442455]\" id=\"form-field-field_3442455\" class=\"elementor-field elementor-size-md  elementor-field-textual\" placeholder=\"Nom\">\n\t\t\t\t\t\t\t\t\t\t\t<\/div>\n\t\t\t\t\t\t\t\t<div class=\"elementor-field-group elementor-column elementor-field-type-submit elementor-col-20 e-form__buttons\">\n\t\t\t\t\t<button type=\"submit\" class=\"elementor-button elementor-size-xs\">\n\t\t\t\t\t\t<span >\n\t\t\t\t\t\t\t\t\t\t\t\t\t\t\t<span class=\" elementor-button-icon\">\n\t\t\t\t\t\t\t\t\t\t\t\t\t\t\t\t\t\t\t\t\t\t\t\t\t\t\t\t<span class=\"elementor-screen-only\">Envoyer<\/span>\n\t\t\t\t\t\t\t\t\t\t\t\t\t\t\t\t\t<\/span>\n\t\t\t\t\t\t\t\t\t\t\t\t\t\t\t\t\t\t\t\t<\/span>\n\t\t\t\t\t<\/button>\n\t\t\t\t<\/div>\n\t\t\t<\/div>\n\t\t<\/form>\n\t\t\t\t<\/div>\n\t\t\t\t<\/div>\n\t\t\t\t\t\t<\/div>\n\t\t\t\t\t<\/div>\n\t\t<\/div>\n\t\t\t\t<div class=\"elementor-column elementor-col-50 elementor-top-column elementor-element elementor-element-56b165c\" data-id=\"56b165c\" data-element_type=\"column\" data-settings=\"{&quot;background_background&quot;:&quot;classic&quot;}\">\n\t\t\t<div class=\"elementor-column-wrap elementor-element-populated\">\n\t\t\t\t\t\t\t<div class=\"elementor-widget-wrap\">\n\t\t\t\t\t\t<div class=\"elementor-element elementor-element-a2928ec elementor-view-default elementor-vertical-align-top elementor-widget elementor-widget-icon-box\" data-id=\"a2928ec\" data-element_type=\"widget\" data-widget_type=\"icon-box.default\">\n\t\t\t\t<div class=\"elementor-widget-container\">\n\t\t\t\t\t<div class=\"elementor-icon-box-wrapper\">\n\t\t\t\t\t\t<div class=\"elementor-icon-box-content\">\n\t\t\t\t<h3 class=\"elementor-icon-box-title\">\n\t\t\t\t\t<span  >\n\t\t\t\t\t\t09 51 61 47 \n35\t\t\t\t\t<\/span>\n\t\t\t\t<\/h3>\n\t\t\t\t\t\t\t<\/div>\n\t\t<\/div>\n\t\t\t\t<\/div>\n\t\t\t\t<\/div>\n\t\t\t\t<div class=\"elementor-element elementor-element-33799b8 elementor-widget elementor-widget-text-editor\" data-id=\"33799b8\" data-element_type=\"widget\" data-widget_type=\"text-editor.default\">\n\t\t\t\t<div class=\"elementor-widget-container\">\n\t\t\t\t\t\t\t\t<div class=\"elementor-text-editor elementor-clearfix\">\n\t\t\t\t<p>Disponible de 9h \u00e0 18h<\/p>\t\t\t\t\t<\/div>\n\t\t\t\t\t\t<\/div>\n\t\t\t\t<\/div>\n\t\t\t\t<div class=\"elementor-element elementor-element-96d3f80 elementor-widget elementor-widget-text-editor\" data-id=\"96d3f80\" data-element_type=\"widget\" data-widget_type=\"text-editor.default\">\n\t\t\t\t<div class=\"elementor-widget-container\">\n\t\t\t\t\t\t\t\t<div class=\"elementor-text-editor elementor-clearfix\">\n\t\t\t\t<p><strong>Email\u00a0<\/strong>contact@sap-action-formation.com<\/p>\t\t\t\t\t<\/div>\n\t\t\t\t\t\t<\/div>\n\t\t\t\t<\/div>\n\t\t\t\t<div class=\"elementor-element elementor-element-1268424 elementor-shape-rounded elementor-grid-0 e-grid-align-center elementor-widget elementor-widget-social-icons\" data-id=\"1268424\" data-element_type=\"widget\" data-widget_type=\"social-icons.default\">\n\t\t\t\t<div class=\"elementor-widget-container\">\n\t\t\t\t\t<div class=\"elementor-social-icons-wrapper elementor-grid\">\n\t\t\t\t\t\t\t<span class=\"elementor-grid-item\">\n\t\t\t\t\t<a class=\"elementor-icon elementor-social-icon elementor-social-icon-facebook elementor-repeater-item-8cfd16f\" href=\"https:\/\/www.facebook.com\/SapActionFormation\/\" target=\"_blank\">\n\t\t\t\t\t\t<span class=\"elementor-screen-only\">Facebook<\/span>\n\t\t\t\t\t\t<i class=\"fab fa-facebook\"><\/i>\t\t\t\t\t<\/a>\n\t\t\t\t<\/span>\n\t\t\t\t\t\t\t<span class=\"elementor-grid-item\">\n\t\t\t\t\t<a class=\"elementor-icon elementor-social-icon elementor-social-icon-instagram elementor-repeater-item-bf92544\" href=\"https:\/\/www.instagram.com\/sapactionformation\/\" target=\"_blank\">\n\t\t\t\t\t\t<span class=\"elementor-screen-only\">Instagram<\/span>\n\t\t\t\t\t\t<i class=\"fab fa-instagram\"><\/i>\t\t\t\t\t<\/a>\n\t\t\t\t<\/span>\n\t\t\t\t\t\t\t<span class=\"elementor-grid-item\">\n\t\t\t\t\t<a class=\"elementor-icon elementor-social-icon elementor-social-icon-linkedin elementor-repeater-item-6b6ceeb\" href=\"https:\/\/www.linkedin.com\/in\/sap-action-formation-334aa4227\/\" target=\"_blank\">\n\t\t\t\t\t\t<span class=\"elementor-screen-only\">Linkedin<\/span>\n\t\t\t\t\t\t<i class=\"fab fa-linkedin\"><\/i>\t\t\t\t\t<\/a>\n\t\t\t\t<\/span>\n\t\t\t\t\t<\/div>\n\t\t\t\t<\/div>\n\t\t\t\t<\/div>\n\t\t\t\t<div class=\"elementor-element elementor-element-c2595b1 elementor-widget-divider--view-line elementor-widget elementor-widget-divider\" data-id=\"c2595b1\" data-element_type=\"widget\" data-widget_type=\"divider.default\">\n\t\t\t\t<div class=\"elementor-widget-container\">\n\t\t\t\t\t<div class=\"elementor-divider\">\n\t\t\t<span class=\"elementor-divider-separator\">\n\t\t\t\t\t\t<\/span>\n\t\t<\/div>\n\t\t\t\t<\/div>\n\t\t\t\t<\/div>\n\t\t\t\t<div class=\"elementor-element elementor-element-c5c59e7 elementor-widget elementor-widget-heading\" data-id=\"c5c59e7\" data-element_type=\"widget\" data-widget_type=\"heading.default\">\n\t\t\t\t<div class=\"elementor-widget-container\">\n\t\t\t<h2 class=\"elementor-heading-title elementor-size-default\">Centre de Sevran\n<\/h2>\t\t<\/div>\n\t\t\t\t<\/div>\n\t\t\t\t<div class=\"elementor-element elementor-element-8625464 elementor-widget elementor-widget-text-editor\" data-id=\"8625464\" data-element_type=\"widget\" data-widget_type=\"text-editor.default\">\n\t\t\t\t<div class=\"elementor-widget-container\">\n\t\t\t\t\t\t\t\t<div class=\"elementor-text-editor elementor-clearfix\">\n\t\t\t\t<p><strong>Adresse <\/strong>10 rue Paul Langevin 93270 Sevran<\/p>\t\t\t\t\t<\/div>\n\t\t\t\t\t\t<\/div>\n\t\t\t\t<\/div>\n\t\t\t\t<div class=\"elementor-element elementor-element-9d98593 elementor-widget-divider--view-line elementor-widget elementor-widget-divider\" data-id=\"9d98593\" data-element_type=\"widget\" data-widget_type=\"divider.default\">\n\t\t\t\t<div class=\"elementor-widget-container\">\n\t\t\t\t\t<div class=\"elementor-divider\">\n\t\t\t<span class=\"elementor-divider-separator\">\n\t\t\t\t\t\t<\/span>\n\t\t<\/div>\n\t\t\t\t<\/div>\n\t\t\t\t<\/div>\n\t\t\t\t<div class=\"elementor-element elementor-element-1538e6c elementor-widget elementor-widget-heading\" data-id=\"1538e6c\" data-element_type=\"widget\" data-widget_type=\"heading.default\">\n\t\t\t\t<div class=\"elementor-widget-container\">\n\t\t\t<h2 class=\"elementor-heading-title elementor-size-default\">Centre de Gagny\n<\/h2>\t\t<\/div>\n\t\t\t\t<\/div>\n\t\t\t\t<div class=\"elementor-element elementor-element-f74da26 elementor-widget elementor-widget-text-editor\" data-id=\"f74da26\" data-element_type=\"widget\" data-widget_type=\"text-editor.default\">\n\t\t\t\t<div class=\"elementor-widget-container\">\n\t\t\t\t\t\t\t\t<div class=\"elementor-text-editor elementor-clearfix\">\n\t\t\t\t<p><strong>Adresse <\/strong>1 rue Cl\u00e9menceau 93220 Gagny<\/p><p><em>Au dessus de la Gare SNCF RER E<\/em><\/p>\t\t\t\t\t<\/div>\n\t\t\t\t\t\t<\/div>\n\t\t\t\t<\/div>\n\t\t\t\t<div class=\"elementor-element elementor-element-593d291 elementor-widget-divider--view-line elementor-widget elementor-widget-divider\" data-id=\"593d291\" data-element_type=\"widget\" data-widget_type=\"divider.default\">\n\t\t\t\t<div class=\"elementor-widget-container\">\n\t\t\t\t\t<div class=\"elementor-divider\">\n\t\t\t<span class=\"elementor-divider-separator\">\n\t\t\t\t\t\t<\/span>\n\t\t<\/div>\n\t\t\t\t<\/div>\n\t\t\t\t<\/div>\n\t\t\t\t<div class=\"elementor-element elementor-element-8b52f57 elementor-widget elementor-widget-heading\" data-id=\"8b52f57\" data-element_type=\"widget\" data-widget_type=\"heading.default\">\n\t\t\t\t<div class=\"elementor-widget-container\">\n\t\t\t<h2 class=\"elementor-heading-title elementor-size-default\">Centre de Vaucresson\n<\/h2>\t\t<\/div>\n\t\t\t\t<\/div>\n\t\t\t\t<div class=\"elementor-element elementor-element-c5404ba elementor-widget elementor-widget-text-editor\" data-id=\"c5404ba\" data-element_type=\"widget\" data-widget_type=\"text-editor.default\">\n\t\t\t\t<div class=\"elementor-widget-container\">\n\t\t\t\t\t\t\t\t<div class=\"elementor-text-editor elementor-clearfix\">\n\t\t\t\t<p><strong>Adresse <\/strong>(Immeuble SNCF) Place Charles de Gaulles 92420 Vaucresson<\/p>\t\t\t\t\t<\/div>\n\t\t\t\t\t\t<\/div>\n\t\t\t\t<\/div>\n\t\t\t\t\t\t<\/div>\n\t\t\t\t\t<\/div>\n\t\t<\/div>\n\t\t\t\t\t\t\t\t<\/div>\n\t\t\t\t\t<\/div>\n\t\t<\/section>\n\t\t\t\t\t\t<\/div>\n\t\t\t\t\t\t<\/div>\n\t\t\t\t\t<\/div>\n\t\t","protected":false},"excerpt":{"rendered":"<p>CONTACT SAP Action Formation r\u00e9pond \u00e0 toutes vos questions\u00a0 09 51 61 47 35 Disponible de 9h \u00e0 18h Email\u00a0contact@sap-action-formation.com Facebook Instagram Linkedin Centre de Sevran Adresse 10 rue Paul Langevin 93270 Sevran Centre de Gagny Adresse 1 rue Cl\u00e9menceau 93220 Gagny Au dessus de la Gare SNCF RER E Centre de Vaucresson Adresse (Immeuble [&hellip;]<\/p>\n","protected":false},"author":1,"featured_media":0,"parent":0,"menu_order":0,"comment_status":"closed","ping_status":"closed","template":"elementor_header_footer","meta":{"footnotes":""},"yoast_head":"<!-- This site is optimized with the Yoast SEO plugin v15.5 - https:\/\/yoast.com\/wordpress\/plugins\/seo\/ -->\n<title>Contact - SAP ACTION FORMATION \u00c0 VOTRE \u00c9COUTE<\/title>\n<meta name=\"description\" content=\"SAP Action Formation est un organisme sp\u00e9cialis\u00e9 dans le domaine m\u00e9dico-social. Vous pouvez nous contacter par mail contact@sap-action-formation.com\" \/>\n<meta name=\"robots\" content=\"index, follow, max-snippet:-1, max-image-preview:large, max-video-preview:-1\" \/>\n<link rel=\"canonical\" href=\"https:\/\/sap-action-formation.com\/index.php\/contact\/\" \/>\n<meta property=\"og:locale\" content=\"fr_FR\" \/>\n<meta property=\"og:type\" content=\"article\" \/>\n<meta property=\"og:title\" content=\"SAP ACTION FORMATION\" \/>\n<meta property=\"og:description\" content=\"Contactez SAP ACTION FORMATION pour vos besoins en formation socio-medical. SAP Action Formation est un organisme sp\u00e9cialis\u00e9 dans le domaine m\u00e9dico-social. Nous proposons des programmes de formations aux entreprises ainsi qu\u2019aux personnes \u00e0 titre individuel.\" \/>\n<meta property=\"og:url\" content=\"https:\/\/sap-action-formation.com\/index.php\/contact\/\" \/>\n<meta property=\"og:site_name\" content=\"SAP ACTION FORMATION\" \/>\n<meta property=\"article:modified_time\" content=\"2025-04-10T08:50:01+00:00\" \/>\n<meta property=\"og:image\" content=\"https:\/\/sap-action-formation.com\/wp-content\/uploads\/2020\/12\/cooperation-analyst-chart-professional-paper-economics_1418-47.jpg\" \/>\n\t<meta property=\"og:image:width\" content=\"626\" \/>\n\t<meta property=\"og:image:height\" content=\"417\" \/>\n<meta name=\"twitter:card\" content=\"summary_large_image\" \/>\n<meta name=\"twitter:title\" content=\"SAP ACTION FORMATION\" \/>\n<meta name=\"twitter:description\" content=\"Contactez SAP ACTION FORMATION pour vos besoins en formation socio-medical. SAP Action Formation est un organisme sp\u00e9cialis\u00e9 dans le domaine m\u00e9dico-social. Nous proposons des programmes de formations aux entreprises ainsi qu\u2019aux personnes \u00e0 titre individuel.\" \/>\n<meta name=\"twitter:image\" content=\"https:\/\/sap-action-formation.com\/wp-content\/uploads\/2020\/12\/Capture-de\u0301cran-2020-12-05-a\u0300-09.24.06.png\" \/>\n<meta name=\"twitter:label1\" content=\"Dur\u00e9e de lecture est.\">\n\t<meta name=\"twitter:data1\" content=\"0 minute\">\n<script type=\"application\/ld+json\" class=\"yoast-schema-graph\">{\"@context\":\"https:\/\/schema.org\",\"@graph\":[{\"@type\":\"WebSite\",\"@id\":\"https:\/\/sap-action-formation.com\/#website\",\"url\":\"https:\/\/sap-action-formation.com\/\",\"name\":\"SAP ACTION FORMATION\",\"description\":\"\",\"potentialAction\":[{\"@type\":\"SearchAction\",\"target\":\"https:\/\/sap-action-formation.com\/?s={search_term_string}\",\"query-input\":\"required name=search_term_string\"}],\"inLanguage\":\"fr-FR\"},{\"@type\":\"ImageObject\",\"@id\":\"https:\/\/sap-action-formation.com\/index.php\/contact\/#primaryimage\",\"inLanguage\":\"fr-FR\",\"url\":\"https:\/\/sap-action-formation.com\/wp-content\/uploads\/2021\/12\/Detente-1-1024x768.jpg\"},{\"@type\":\"WebPage\",\"@id\":\"https:\/\/sap-action-formation.com\/index.php\/contact\/#webpage\",\"url\":\"https:\/\/sap-action-formation.com\/index.php\/contact\/\",\"name\":\"Contact - SAP ACTION FORMATION \\u00c0 VOTRE \\u00c9COUTE\",\"isPartOf\":{\"@id\":\"https:\/\/sap-action-formation.com\/#website\"},\"primaryImageOfPage\":{\"@id\":\"https:\/\/sap-action-formation.com\/index.php\/contact\/#primaryimage\"},\"datePublished\":\"2020-12-05T07:13:15+00:00\",\"dateModified\":\"2025-04-10T08:50:01+00:00\",\"description\":\"SAP Action Formation est un organisme sp\\u00e9cialis\\u00e9 dans le domaine m\\u00e9dico-social. Vous pouvez nous contacter par mail contact@sap-action-formation.com\",\"inLanguage\":\"fr-FR\",\"potentialAction\":[{\"@type\":\"ReadAction\",\"target\":[\"https:\/\/sap-action-formation.com\/index.php\/contact\/\"]}]}]}<\/script>\n<!-- \/ Yoast SEO plugin. -->","_links":{"self":[{"href":"https:\/\/sap-action-formation.com\/index.php\/wp-json\/wp\/v2\/pages\/62"}],"collection":[{"href":"https:\/\/sap-action-formation.com\/index.php\/wp-json\/wp\/v2\/pages"}],"about":[{"href":"https:\/\/sap-action-formation.com\/index.php\/wp-json\/wp\/v2\/types\/page"}],"author":[{"embeddable":true,"href":"https:\/\/sap-action-formation.com\/index.php\/wp-json\/wp\/v2\/users\/1"}],"replies":[{"embeddable":true,"href":"https:\/\/sap-action-formation.com\/index.php\/wp-json\/wp\/v2\/comments?post=62"}],"version-history":[{"count":68,"href":"https:\/\/sap-action-formation.com\/index.php\/wp-json\/wp\/v2\/pages\/62\/revisions"}],"predecessor-version":[{"id":2604,"href":"https:\/\/sap-action-formation.com\/index.php\/wp-json\/wp\/v2\/pages\/62\/revisions\/2604"}],"wp:attachment":[{"href":"https:\/\/sap-action-formation.com\/index.php\/wp-json\/wp\/v2\/media?parent=62"}],"curies":[{"name":"wp","href":"https:\/\/api.w.org\/{rel}","templated":true}]}}