{"id":58,"date":"2020-12-05T08:11:21","date_gmt":"2020-12-05T07:11:21","guid":{"rendered":"http:\/\/sap-action-formation.com\/?page_id=58"},"modified":"2021-01-04T16:46:11","modified_gmt":"2021-01-04T15:46:11","slug":"financement","status":"publish","type":"page","link":"https:\/\/sap-action-formation.com\/index.php\/financement\/","title":{"rendered":"Financement"},"content":{"rendered":"\t\t<div data-elementor-type=\"wp-page\" data-elementor-id=\"58\" class=\"elementor elementor-58\" data-elementor-settings=\"[]\">\n\t\t\t\t\t\t<div class=\"elementor-inner\">\n\t\t\t\t\t\t\t<div class=\"elementor-section-wrap\">\n\t\t\t\t\t\t\t<section class=\"elementor-section elementor-top-section elementor-element elementor-element-dc9f243 elementor-section-full_width elementor-section-height-default elementor-section-height-default\" data-id=\"dc9f243\" data-element_type=\"section\" data-settings=\"{&quot;background_background&quot;:&quot;classic&quot;}\">\n\t\t\t\t\t\t\t<div class=\"elementor-background-overlay\"><\/div>\n\t\t\t\t\t\t\t<div class=\"elementor-container elementor-column-gap-default\">\n\t\t\t\t\t\t\t<div class=\"elementor-row\">\n\t\t\t\t\t<div class=\"elementor-column elementor-col-50 elementor-top-column elementor-element elementor-element-e9ccd40\" data-id=\"e9ccd40\" data-element_type=\"column\">\n\t\t\t<div class=\"elementor-column-wrap elementor-element-populated\">\n\t\t\t\t\t\t\t<div class=\"elementor-widget-wrap\">\n\t\t\t\t\t\t<div class=\"elementor-element elementor-element-06b16d0 elementor-widget elementor-widget-heading\" data-id=\"06b16d0\" data-element_type=\"widget\" data-widget_type=\"heading.default\">\n\t\t\t\t<div class=\"elementor-widget-container\">\n\t\t\t<h1 class=\"elementor-heading-title elementor-size-default\">Nos  <font color=\"#7ed0b9\"><b>Financements<\/b><\/font><\/h1>\t\t<\/div>\n\t\t\t\t<\/div>\n\t\t\t\t<div class=\"elementor-element elementor-element-c8a6e24 elementor-widget elementor-widget-text-editor\" data-id=\"c8a6e24\" data-element_type=\"widget\" data-widget_type=\"text-editor.default\">\n\t\t\t\t<div class=\"elementor-widget-container\">\n\t\t\t\t\t\t\t\t<div class=\"elementor-text-editor elementor-clearfix\">\n\t\t\t\t<p><span style=\"font-weight: 400;\">Toutes nos actions sont \u00e9ligibles au CPF, \u00e0 la prise en charge employeur, ou financeurs publics (P\u00f4le emploi, Agefiph, Mission locale, Conseil r\u00e9gional, R\u00e9seaux Carif Oref\u2026).<\/span><\/p><p><span style=\"font-weight: 400;\">Nous vous proposerons le ou les dispositifs de prise en charge adapt\u00e9s \u00e0 votre situation.<\/span><\/p><p><span style=\"font-weight: 400;\">Nous sommes \u00e0 votre disposition pour vous accompagner tout au long de votre parcours.<\/span><\/p>\t\t\t\t\t<\/div>\n\t\t\t\t\t\t<\/div>\n\t\t\t\t<\/div>\n\t\t\t\t<div class=\"elementor-element elementor-element-658b615 elementor-align-left elementor-tablet-align-center elementor-widget elementor-widget-button\" data-id=\"658b615\" data-element_type=\"widget\" data-widget_type=\"button.default\">\n\t\t\t\t<div class=\"elementor-widget-container\">\n\t\t\t\t\t<div class=\"elementor-button-wrapper\">\n\t\t\t<a href=\"https:\/\/sap-action-formation.com\/index.php\/contact\/\" class=\"elementor-button-link elementor-button elementor-size-md\" role=\"button\">\n\t\t\t\t\t\t<span class=\"elementor-button-content-wrapper\">\n\t\t\t\t\t\t<span class=\"elementor-button-icon elementor-align-icon-right\">\n\t\t\t\t<i aria-hidden=\"true\" class=\"fas fa-caret-right\"><\/i>\t\t\t<\/span>\n\t\t\t\t\t\t<span class=\"elementor-button-text\">Nous contacter<\/span>\n\t\t<\/span>\n\t\t\t\t\t<\/a>\n\t\t<\/div>\n\t\t\t\t<\/div>\n\t\t\t\t<\/div>\n\t\t\t\t\t\t<\/div>\n\t\t\t\t\t<\/div>\n\t\t<\/div>\n\t\t\t\t<div class=\"elementor-column elementor-col-50 elementor-top-column elementor-element elementor-element-903d3c7\" data-id=\"903d3c7\" data-element_type=\"column\">\n\t\t\t<div class=\"elementor-column-wrap\">\n\t\t\t\t\t\t\t<div class=\"elementor-widget-wrap\">\n\t\t\t\t\t\t\t\t<\/div>\n\t\t\t\t\t<\/div>\n\t\t<\/div>\n\t\t\t\t\t\t\t\t<\/div>\n\t\t\t\t\t<\/div>\n\t\t<\/section>\n\t\t\t\t\t\t<\/div>\n\t\t\t\t\t\t<\/div>\n\t\t\t\t\t<\/div>\n\t\t","protected":false},"excerpt":{"rendered":"<p>Nos Financements Toutes nos actions sont \u00e9ligibles au CPF, \u00e0 la prise en charge employeur, ou financeurs publics (P\u00f4le emploi, Agefiph, Mission locale, Conseil r\u00e9gional, R\u00e9seaux Carif Oref\u2026). Nous vous proposerons le ou les dispositifs de prise en charge adapt\u00e9s \u00e0 votre situation. Nous sommes \u00e0 votre disposition pour vous accompagner tout au long de [&hellip;]<\/p>\n","protected":false},"author":1,"featured_media":0,"parent":0,"menu_order":0,"comment_status":"closed","ping_status":"closed","template":"elementor_header_footer","meta":{"footnotes":""},"yoast_head":"<!-- This site is optimized with the Yoast SEO plugin v15.5 - https:\/\/yoast.com\/wordpress\/plugins\/seo\/ -->\n<title>Financement - SAP ACTION FORMATION<\/title>\n<meta name=\"description\" content=\"SAP Action Formation est un organisme sp\u00e9cialis\u00e9 dans le domaine m\u00e9dico-social. Nous vous accompagnons dans vos d\u00e9marches de financement.\" \/>\n<meta name=\"robots\" content=\"index, follow, max-snippet:-1, max-image-preview:large, max-video-preview:-1\" \/>\n<link rel=\"canonical\" href=\"https:\/\/sap-action-formation.com\/index.php\/financement\/\" \/>\n<meta property=\"og:locale\" content=\"fr_FR\" \/>\n<meta property=\"og:type\" content=\"article\" \/>\n<meta property=\"og:title\" content=\"Financez votre formation SAP\" \/>\n<meta property=\"og:description\" content=\"SAP Action Formation est un organisme sp\u00e9cialis\u00e9 dans le domaine m\u00e9dico-social. Nous proposons des programmes de formations aux entreprises ainsi qu\u2019aux personnes \u00e0 titre individuel.\" \/>\n<meta property=\"og:url\" content=\"https:\/\/sap-action-formation.com\/index.php\/financement\/\" \/>\n<meta property=\"og:site_name\" content=\"SAP ACTION FORMATION\" \/>\n<meta property=\"article:modified_time\" content=\"2021-01-04T15:46:11+00:00\" \/>\n<meta property=\"og:image\" content=\"https:\/\/sap-action-formation.com\/wp-content\/uploads\/2020\/12\/cooperation-analyst-chart-professional-paper-economics_1418-47.jpg\" \/>\n\t<meta property=\"og:image:width\" content=\"626\" \/>\n\t<meta property=\"og:image:height\" content=\"417\" \/>\n<meta name=\"twitter:card\" content=\"summary_large_image\" \/>\n<meta name=\"twitter:title\" content=\"Financez votre formation SAP\" \/>\n<meta name=\"twitter:description\" content=\"SAP Action Formation est un organisme sp\u00e9cialis\u00e9 dans le domaine m\u00e9dico-social. Nous proposons des programmes de formations aux entreprises ainsi qu\u2019aux personnes \u00e0 titre individuel.\" \/>\n<meta name=\"twitter:image\" content=\"https:\/\/sap-action-formation.com\/wp-content\/uploads\/2020\/12\/cooperation-analyst-chart-professional-paper-economics_1418-47.jpg\" \/>\n<meta name=\"twitter:label1\" content=\"Dur\u00e9e de lecture est.\">\n\t<meta name=\"twitter:data1\" content=\"0 minute\">\n<script type=\"application\/ld+json\" class=\"yoast-schema-graph\">{\"@context\":\"https:\/\/schema.org\",\"@graph\":[{\"@type\":\"WebSite\",\"@id\":\"https:\/\/sap-action-formation.com\/#website\",\"url\":\"https:\/\/sap-action-formation.com\/\",\"name\":\"SAP ACTION FORMATION\",\"description\":\"\",\"potentialAction\":[{\"@type\":\"SearchAction\",\"target\":\"https:\/\/sap-action-formation.com\/?s={search_term_string}\",\"query-input\":\"required name=search_term_string\"}],\"inLanguage\":\"fr-FR\"},{\"@type\":\"WebPage\",\"@id\":\"https:\/\/sap-action-formation.com\/index.php\/financement\/#webpage\",\"url\":\"https:\/\/sap-action-formation.com\/index.php\/financement\/\",\"name\":\"Financement - SAP ACTION FORMATION\",\"isPartOf\":{\"@id\":\"https:\/\/sap-action-formation.com\/#website\"},\"datePublished\":\"2020-12-05T07:11:21+00:00\",\"dateModified\":\"2021-01-04T15:46:11+00:00\",\"description\":\"SAP Action Formation est un organisme sp\\u00e9cialis\\u00e9 dans le domaine m\\u00e9dico-social. Nous vous accompagnons dans vos d\\u00e9marches de financement.\",\"inLanguage\":\"fr-FR\",\"potentialAction\":[{\"@type\":\"ReadAction\",\"target\":[\"https:\/\/sap-action-formation.com\/index.php\/financement\/\"]}]}]}<\/script>\n<!-- \/ Yoast SEO plugin. -->","_links":{"self":[{"href":"https:\/\/sap-action-formation.com\/index.php\/wp-json\/wp\/v2\/pages\/58"}],"collection":[{"href":"https:\/\/sap-action-formation.com\/index.php\/wp-json\/wp\/v2\/pages"}],"about":[{"href":"https:\/\/sap-action-formation.com\/index.php\/wp-json\/wp\/v2\/types\/page"}],"author":[{"embeddable":true,"href":"https:\/\/sap-action-formation.com\/index.php\/wp-json\/wp\/v2\/users\/1"}],"replies":[{"embeddable":true,"href":"https:\/\/sap-action-formation.com\/index.php\/wp-json\/wp\/v2\/comments?post=58"}],"version-history":[{"count":20,"href":"https:\/\/sap-action-formation.com\/index.php\/wp-json\/wp\/v2\/pages\/58\/revisions"}],"predecessor-version":[{"id":620,"href":"https:\/\/sap-action-formation.com\/index.php\/wp-json\/wp\/v2\/pages\/58\/revisions\/620"}],"wp:attachment":[{"href":"https:\/\/sap-action-formation.com\/index.php\/wp-json\/wp\/v2\/media?parent=58"}],"curies":[{"name":"wp","href":"https:\/\/api.w.org\/{rel}","templated":true}]}}